{"id":5416,"date":"2025-01-24T22:53:36","date_gmt":"2025-01-24T22:53:36","guid":{"rendered":"https:\/\/attrybe.com\/cart-2\/"},"modified":"2025-03-24T22:11:00","modified_gmt":"2025-03-24T22:11:00","slug":"cart-2","status":"publish","type":"page","link":"https:\/\/attrybe.com\/en\/cart-2\/","title":{"rendered":"Cart"},"content":{"rendered":"\t\t<div data-elementor-type=\"wp-page\" data-elementor-id=\"5416\" class=\"elementor elementor-5416 elementor-5411\" data-elementor-post-type=\"page\">\n\t\t\t\t<div class=\"elementor-element elementor-element-496e6674 e-flex e-con-boxed e-con e-parent\" data-id=\"496e6674\" data-element_type=\"container\">\n\t\t\t\t\t<div class=\"e-con-inner\">\n\t\t\t\t<div class=\"elementor-element elementor-element-c2e3cdf e-cart-layout-two-column elementor-widget elementor-widget-woocommerce-cart\" data-id=\"c2e3cdf\" data-element_type=\"widget\" data-widget_type=\"woocommerce-cart.default\">\n\t\t\t\t<div class=\"elementor-widget-container\">\n\t\t\t\t\t<div class=\"woocommerce\"><div class=\"woocommerce-notices-wrapper\"><\/div><div class=\"wc-empty-cart-message\">\n\t<div class=\"cart-empty woocommerce-info\">\n\t\tYour cart is currently empty.\t<\/div>\n<\/div>\t<p class=\"return-to-shop\">\n\t\t<a class=\"button wc-backward\" href=\"https:\/\/attrybe.com\/en\/\">\n\t\t\tReturn to shop\t\t<\/a>\n\t<\/p>\n<\/div>\t\t\t\t<\/div>\n\t\t\t\t<\/div>\n\t\t\t\t\t<\/div>\n\t\t\t\t<\/div>\n\t\t\t\t<\/div>\n\t\t","protected":false},"excerpt":{"rendered":"<p>Eliminar art\u00edculo Imagen en miniatura Producto Precio Cantidad Subtotal &times; PANTAL\u00d3N CONVERTIBLE &#8211; GRIS, M &#36;208.000 PANTAL\u00d3N CONVERTIBLE &#8211; GRIS, M&nbsp; cantidad &#36;208.000 &times; PA\u00d1OLETA ATTRYBE &#8211; NEGRO &#36;89.000 PA\u00d1OLETA ATTRYBE &#8211; NEGRO&nbsp; cantidad &#36;89.000 UPDATE CART APPLY COUPON Total Cart Subtotal &#36;297.000 Env\u00edo Flat rate: &#36;16.000 Env\u00edo gratuito Enviar a Calle falsa 123, Segundo [&hellip;]<\/p>\n","protected":false},"author":10,"featured_media":0,"parent":0,"menu_order":0,"comment_status":"closed","ping_status":"closed","template":"","meta":{"footnotes":""},"class_list":["post-5416","page","type-page","status-publish","hentry"],"yoast_head":"<!-- This site is optimized with the Yoast SEO plugin v25.9 - https:\/\/yoast.com\/wordpress\/plugins\/seo\/ -->\n<title>Cart | ATT.<\/title>\n<meta name=\"robots\" content=\"index, follow, max-snippet:-1, max-image-preview:large, max-video-preview:-1\" \/>\n<link rel=\"canonical\" href=\"https:\/\/attrybe.com\/en\/cart-2\/\" \/>\n<meta property=\"og:locale\" content=\"en_US\" \/>\n<meta property=\"og:type\" content=\"article\" \/>\n<meta property=\"og:title\" content=\"Cart | ATT.\" \/>\n<meta property=\"og:description\" content=\"Eliminar art\u00edculo Imagen en miniatura Producto Precio Cantidad Subtotal &times; PANTAL\u00d3N CONVERTIBLE &#8211; GRIS, M &#036;208.000 PANTAL\u00d3N CONVERTIBLE &#8211; GRIS, M&nbsp; cantidad &#036;208.000 &times; PA\u00d1OLETA ATTRYBE &#8211; NEGRO &#036;89.000 PA\u00d1OLETA ATTRYBE &#8211; NEGRO&nbsp; cantidad &#036;89.000 UPDATE CART APPLY COUPON Total Cart Subtotal &#036;297.000 Env\u00edo Flat rate: &#036;16.000 Env\u00edo gratuito Enviar a Calle falsa 123, Segundo [&hellip;]\" \/>\n<meta property=\"og:url\" content=\"https:\/\/attrybe.com\/en\/cart-2\/\" \/>\n<meta property=\"og:site_name\" content=\"ATT.\" \/>\n<meta property=\"article:modified_time\" content=\"2025-03-24T22:11:00+00:00\" \/>\n<meta property=\"og:image\" content=\"https:\/\/attrybe.com\/wp-content\/uploads\/2024\/07\/Pants_convertible_shorts_grey-front-300x390.jpg\" \/>\n<meta name=\"twitter:card\" content=\"summary_large_image\" \/>\n<meta name=\"twitter:label1\" content=\"Est. reading time\" \/>\n\t<meta name=\"twitter:data1\" content=\"1 minute\" \/>\n<script type=\"application\/ld+json\" class=\"yoast-schema-graph\">{\"@context\":\"https:\/\/schema.org\",\"@graph\":[{\"@type\":\"WebPage\",\"@id\":\"https:\/\/attrybe.com\/en\/cart-2\/\",\"url\":\"https:\/\/attrybe.com\/en\/cart-2\/\",\"name\":\"Cart | ATT.\",\"isPartOf\":{\"@id\":\"https:\/\/attrybe.com\/en\/#website\"},\"primaryImageOfPage\":{\"@id\":\"https:\/\/attrybe.com\/en\/cart-2\/#primaryimage\"},\"image\":{\"@id\":\"https:\/\/attrybe.com\/en\/cart-2\/#primaryimage\"},\"thumbnailUrl\":\"https:\/\/attrybe.com\/wp-content\/uploads\/2024\/07\/Pants_convertible_shorts_grey-front-300x390.jpg\",\"datePublished\":\"2025-01-24T22:53:36+00:00\",\"dateModified\":\"2025-03-24T22:11:00+00:00\",\"breadcrumb\":{\"@id\":\"https:\/\/attrybe.com\/en\/cart-2\/#breadcrumb\"},\"inLanguage\":\"en-US\",\"potentialAction\":[{\"@type\":\"ReadAction\",\"target\":[\"https:\/\/attrybe.com\/en\/cart-2\/\"]}]},{\"@type\":\"ImageObject\",\"inLanguage\":\"en-US\",\"@id\":\"https:\/\/attrybe.com\/en\/cart-2\/#primaryimage\",\"url\":\"https:\/\/attrybe.com\/wp-content\/uploads\/2024\/07\/Pants_convertible_shorts_grey-front-300x390.jpg\",\"contentUrl\":\"https:\/\/attrybe.com\/wp-content\/uploads\/2024\/07\/Pants_convertible_shorts_grey-front-300x390.jpg\"},{\"@type\":\"BreadcrumbList\",\"@id\":\"https:\/\/attrybe.com\/en\/cart-2\/#breadcrumb\",\"itemListElement\":[{\"@type\":\"ListItem\",\"position\":1,\"name\":\"Home\",\"item\":\"https:\/\/attrybe.com\/en\/\"},{\"@type\":\"ListItem\",\"position\":2,\"name\":\"Cart\"}]},{\"@type\":\"WebSite\",\"@id\":\"https:\/\/attrybe.com\/en\/#website\",\"url\":\"https:\/\/attrybe.com\/en\/\",\"name\":\"ATTRYBE\",\"description\":\"Attrybe\",\"publisher\":{\"@id\":\"https:\/\/attrybe.com\/en\/#organization\"},\"alternateName\":\"Att\",\"potentialAction\":[{\"@type\":\"SearchAction\",\"target\":{\"@type\":\"EntryPoint\",\"urlTemplate\":\"https:\/\/attrybe.com\/en\/?s={search_term_string}\"},\"query-input\":{\"@type\":\"PropertyValueSpecification\",\"valueRequired\":true,\"valueName\":\"search_term_string\"}}],\"inLanguage\":\"en-US\"},{\"@type\":\"Organization\",\"@id\":\"https:\/\/attrybe.com\/en\/#organization\",\"name\":\"ATTRYBE\",\"alternateName\":\"Att\",\"url\":\"https:\/\/attrybe.com\/en\/\",\"logo\":{\"@type\":\"ImageObject\",\"inLanguage\":\"en-US\",\"@id\":\"https:\/\/attrybe.com\/en\/#\/schema\/logo\/image\/\",\"url\":\"https:\/\/attrybe.com\/wp-content\/uploads\/2024\/08\/cropped-FAVI.jpg\",\"contentUrl\":\"https:\/\/attrybe.com\/wp-content\/uploads\/2024\/08\/cropped-FAVI.jpg\",\"width\":512,\"height\":512,\"caption\":\"ATTRYBE\"},\"image\":{\"@id\":\"https:\/\/attrybe.com\/en\/#\/schema\/logo\/image\/\"},\"sameAs\":[\"https:\/\/www.instagram.com\/attrybe_\/\"]}]}<\/script>\n<!-- \/ Yoast SEO plugin. -->","yoast_head_json":{"title":"Cart | ATT.","robots":{"index":"index","follow":"follow","max-snippet":"max-snippet:-1","max-image-preview":"max-image-preview:large","max-video-preview":"max-video-preview:-1"},"canonical":"https:\/\/attrybe.com\/en\/cart-2\/","og_locale":"en_US","og_type":"article","og_title":"Cart | ATT.","og_description":"Eliminar art\u00edculo Imagen en miniatura Producto Precio Cantidad Subtotal &times; PANTAL\u00d3N CONVERTIBLE &#8211; GRIS, M &#36;208.000 PANTAL\u00d3N CONVERTIBLE &#8211; GRIS, M&nbsp; cantidad &#36;208.000 &times; PA\u00d1OLETA ATTRYBE &#8211; NEGRO &#36;89.000 PA\u00d1OLETA ATTRYBE &#8211; NEGRO&nbsp; cantidad &#36;89.000 UPDATE CART APPLY COUPON Total Cart Subtotal &#36;297.000 Env\u00edo Flat rate: &#36;16.000 Env\u00edo gratuito Enviar a Calle falsa 123, Segundo [&hellip;]","og_url":"https:\/\/attrybe.com\/en\/cart-2\/","og_site_name":"ATT.","article_modified_time":"2025-03-24T22:11:00+00:00","og_image":[{"url":"https:\/\/attrybe.com\/wp-content\/uploads\/2024\/07\/Pants_convertible_shorts_grey-front-300x390.jpg","type":"","width":"","height":""}],"twitter_card":"summary_large_image","twitter_misc":{"Est. reading time":"1 minute"},"schema":{"@context":"https:\/\/schema.org","@graph":[{"@type":"WebPage","@id":"https:\/\/attrybe.com\/en\/cart-2\/","url":"https:\/\/attrybe.com\/en\/cart-2\/","name":"Cart | ATT.","isPartOf":{"@id":"https:\/\/attrybe.com\/en\/#website"},"primaryImageOfPage":{"@id":"https:\/\/attrybe.com\/en\/cart-2\/#primaryimage"},"image":{"@id":"https:\/\/attrybe.com\/en\/cart-2\/#primaryimage"},"thumbnailUrl":"https:\/\/attrybe.com\/wp-content\/uploads\/2024\/07\/Pants_convertible_shorts_grey-front-300x390.jpg","datePublished":"2025-01-24T22:53:36+00:00","dateModified":"2025-03-24T22:11:00+00:00","breadcrumb":{"@id":"https:\/\/attrybe.com\/en\/cart-2\/#breadcrumb"},"inLanguage":"en-US","potentialAction":[{"@type":"ReadAction","target":["https:\/\/attrybe.com\/en\/cart-2\/"]}]},{"@type":"ImageObject","inLanguage":"en-US","@id":"https:\/\/attrybe.com\/en\/cart-2\/#primaryimage","url":"https:\/\/attrybe.com\/wp-content\/uploads\/2024\/07\/Pants_convertible_shorts_grey-front-300x390.jpg","contentUrl":"https:\/\/attrybe.com\/wp-content\/uploads\/2024\/07\/Pants_convertible_shorts_grey-front-300x390.jpg"},{"@type":"BreadcrumbList","@id":"https:\/\/attrybe.com\/en\/cart-2\/#breadcrumb","itemListElement":[{"@type":"ListItem","position":1,"name":"Home","item":"https:\/\/attrybe.com\/en\/"},{"@type":"ListItem","position":2,"name":"Cart"}]},{"@type":"WebSite","@id":"https:\/\/attrybe.com\/en\/#website","url":"https:\/\/attrybe.com\/en\/","name":"ATTRYBE","description":"Attrybe","publisher":{"@id":"https:\/\/attrybe.com\/en\/#organization"},"alternateName":"Att","potentialAction":[{"@type":"SearchAction","target":{"@type":"EntryPoint","urlTemplate":"https:\/\/attrybe.com\/en\/?s={search_term_string}"},"query-input":{"@type":"PropertyValueSpecification","valueRequired":true,"valueName":"search_term_string"}}],"inLanguage":"en-US"},{"@type":"Organization","@id":"https:\/\/attrybe.com\/en\/#organization","name":"ATTRYBE","alternateName":"Att","url":"https:\/\/attrybe.com\/en\/","logo":{"@type":"ImageObject","inLanguage":"en-US","@id":"https:\/\/attrybe.com\/en\/#\/schema\/logo\/image\/","url":"https:\/\/attrybe.com\/wp-content\/uploads\/2024\/08\/cropped-FAVI.jpg","contentUrl":"https:\/\/attrybe.com\/wp-content\/uploads\/2024\/08\/cropped-FAVI.jpg","width":512,"height":512,"caption":"ATTRYBE"},"image":{"@id":"https:\/\/attrybe.com\/en\/#\/schema\/logo\/image\/"},"sameAs":["https:\/\/www.instagram.com\/attrybe_\/"]}]}},"_links":{"self":[{"href":"https:\/\/attrybe.com\/en\/wp-json\/wp\/v2\/pages\/5416","targetHints":{"allow":["GET"]}}],"collection":[{"href":"https:\/\/attrybe.com\/en\/wp-json\/wp\/v2\/pages"}],"about":[{"href":"https:\/\/attrybe.com\/en\/wp-json\/wp\/v2\/types\/page"}],"author":[{"embeddable":true,"href":"https:\/\/attrybe.com\/en\/wp-json\/wp\/v2\/users\/10"}],"replies":[{"embeddable":true,"href":"https:\/\/attrybe.com\/en\/wp-json\/wp\/v2\/comments?post=5416"}],"version-history":[{"count":5,"href":"https:\/\/attrybe.com\/en\/wp-json\/wp\/v2\/pages\/5416\/revisions"}],"predecessor-version":[{"id":6211,"href":"https:\/\/attrybe.com\/en\/wp-json\/wp\/v2\/pages\/5416\/revisions\/6211"}],"wp:attachment":[{"href":"https:\/\/attrybe.com\/en\/wp-json\/wp\/v2\/media?parent=5416"}],"curies":[{"name":"wp","href":"https:\/\/api.w.org\/{rel}","templated":true}]}}